{"id":239,"date":"2022-02-17T15:47:03","date_gmt":"2022-02-17T14:47:03","guid":{"rendered":"http:\/\/egliseorthodoxepicardie.fr\/?page_id=239"},"modified":"2025-10-20T09:41:03","modified_gmt":"2025-10-20T07:41:03","slug":"contact","status":"publish","type":"page","link":"https:\/\/egliseorthodoxepicardie.fr\/?page_id=239","title":{"rendered":"contact"},"content":{"rendered":"\t\t<div data-elementor-type=\"wp-page\" data-elementor-id=\"239\" class=\"elementor elementor-239\">\n\t\t\t\t\t\t<section class=\"elementor-section elementor-top-section elementor-element elementor-element-73463160 elementor-section-boxed elementor-section-height-default elementor-section-height-default\" data-id=\"73463160\" data-element_type=\"section\" data-e-type=\"section\">\n\t\t\t\t\t\t<div class=\"elementor-container elementor-column-gap-default\">\n\t\t\t\t\t<div class=\"elementor-column elementor-col-100 elementor-top-column elementor-element elementor-element-2b80136\" data-id=\"2b80136\" data-element_type=\"column\" data-e-type=\"column\">\n\t\t\t<div class=\"elementor-widget-wrap elementor-element-populated\">\n\t\t\t\t\t\t<div class=\"elementor-element elementor-element-ce42136 elementor-widget elementor-widget-image\" data-id=\"ce42136\" data-element_type=\"widget\" data-e-type=\"widget\" data-widget_type=\"image.default\">\n\t\t\t\t\t\t\t\t\t\t\t\t\t\t\t<img fetchpriority=\"high\" decoding=\"async\" width=\"1024\" height=\"259\" src=\"https:\/\/i0.wp.com\/egliseorthodoxepicardie.fr\/wp-content\/uploads\/2022\/02\/anges_offrande-1024x259-1.png?fit=1024%2C259&amp;ssl=1\" class=\"attachment-large size-large wp-image-496\" alt=\"\" srcset=\"https:\/\/i0.wp.com\/egliseorthodoxepicardie.fr\/wp-content\/uploads\/2022\/02\/anges_offrande-1024x259-1.png?w=1024&amp;ssl=1 1024w, https:\/\/i0.wp.com\/egliseorthodoxepicardie.fr\/wp-content\/uploads\/2022\/02\/anges_offrande-1024x259-1.png?resize=300%2C76&amp;ssl=1 300w, https:\/\/i0.wp.com\/egliseorthodoxepicardie.fr\/wp-content\/uploads\/2022\/02\/anges_offrande-1024x259-1.png?resize=768%2C194&amp;ssl=1 768w\" sizes=\"(max-width: 1000px) 100vw, 1000px\" \/>\t\t\t\t\t\t\t\t\t\t\t\t\t\t\t<\/div>\n\t\t\t\t<div class=\"elementor-element elementor-element-4590748f elementor-widget elementor-widget-text-editor\" data-id=\"4590748f\" data-element_type=\"widget\" data-e-type=\"widget\" data-widget_type=\"text-editor.default\">\n\t\t\t\t\t\t\t\t\t<p style=\"text-align: center;\"><strong>Laissez nous votre message, ainsi que vos coordonn\u00e9es t\u00e9l\u00e9phoniques.<\/strong><\/p>\n<p style=\"text-align: center;\"><strong>Nous serons heureux de vous r\u00e9pondre d\u00e9s que possible.<\/strong><\/p>\n<p style=\"text-align: center;\"><strong>Que Notre Grand Dieu vous b\u00e9nisse<\/strong><\/p>\n<p><!-- \/wp:paragraph --><!-- wp:paragraph --><\/p>\n<p><div class=\"wpforms-container wpforms-container-full\" id=\"wpforms-238\"><form id=\"wpforms-form-238\" class=\"wpforms-validate wpforms-form wpforms-ajax-form\" data-formid=\"238\" method=\"post\" enctype=\"multipart\/form-data\" action=\"\/index.php?rest_route=%2Fwp%2Fv2%2Fpages%2F239\" data-token=\"93f3ee558bdea8517e11a7bff01950d5\" data-token-time=\"1775373466\"><noscript class=\"wpforms-error-noscript\">Veuillez activer JavaScript dans votre navigateur pour remplir ce formulaire.<\/noscript><div class=\"wpforms-field-container\"><div id=\"wpforms-238-field_0-container\" class=\"wpforms-field wpforms-field-name\" data-field-id=\"0\"><label class=\"wpforms-field-label\">Civilit\u00e9 <span class=\"wpforms-required-label\">*<\/span><\/label><div class=\"wpforms-field-row wpforms-field-medium\"><div class=\"wpforms-field-row-block wpforms-first wpforms-one-half\"><input type=\"text\" id=\"wpforms-238-field_0\" class=\"wpforms-field-name-first wpforms-field-required\" name=\"wpforms[fields][0][first]\" required><label for=\"wpforms-238-field_0\" class=\"wpforms-field-sublabel after\">Pr\u00e9nom<\/label><\/div><div class=\"wpforms-field-row-block wpforms-one-half\"><input type=\"text\" id=\"wpforms-238-field_0-last\" class=\"wpforms-field-name-last wpforms-field-required\" name=\"wpforms[fields][0][last]\" required><label for=\"wpforms-238-field_0-last\" class=\"wpforms-field-sublabel after\">Nom<\/label><\/div><\/div><\/div>\t\t<div id=\"wpforms-238-field_4-container\"\n\t\t\tclass=\"wpforms-field wpforms-field-text\"\n\t\t\tdata-field-type=\"text\"\n\t\t\tdata-field-id=\"4\"\n\t\t\t>\n\t\t\t<label class=\"wpforms-field-label\" for=\"wpforms-238-field_4\" >Courriel : Civilit\u00e9<\/label>\n\t\t\t<input type=\"text\" id=\"wpforms-238-field_4\" class=\"wpforms-field-medium\" name=\"wpforms[fields][4]\" >\n\t\t<\/div>\n\t\t<div id=\"wpforms-238-field_1-container\" class=\"wpforms-field wpforms-field-email\" data-field-id=\"1\"><label class=\"wpforms-field-label\" for=\"wpforms-238-field_1\">Courriel <span class=\"wpforms-required-label\">*<\/span><\/label><input type=\"email\" id=\"wpforms-238-field_1\" class=\"wpforms-field-medium wpforms-field-required\" name=\"wpforms[fields][1]\" spellcheck=\"false\" required><\/div><div id=\"wpforms-238-field_3-container\" class=\"wpforms-field wpforms-field-select wpforms-field-select-style-classic\" data-field-id=\"3\"><label class=\"wpforms-field-label\" for=\"wpforms-238-field_3\">Vous souhaitez : <span class=\"wpforms-required-label\">*<\/span><\/label><select id=\"wpforms-238-field_3\" class=\"wpforms-field-medium wpforms-field-required\" name=\"wpforms[fields][3]\" required=\"required\"><option value=\"\" class=\"placeholder\" disabled  selected='selected'>&#8212; S\u00e9lectionner un choix &#8212;<\/option><option value=\"Participer \u00e0 une Divine Liturgie\"  class=\"choice-3 depth-1\"  >Participer \u00e0 une Divine Liturgie<\/option><option value=\"M&#039;inscrire \u00e0 l&#039;Atelier d&#039;Iconographie\"  class=\"choice-2 depth-1\"  >M&rsquo;inscrire \u00e0 l&rsquo;Atelier d&rsquo;Iconographie<\/option><option value=\"Organiser une c\u00e9r\u00e9monie avec le P\u00e8re Jacques-Patrick\"  class=\"choice-1 depth-1\"  >Organiser une c\u00e9r\u00e9monie avec le P\u00e8re Jacques-Patrick<\/option><\/select><div class=\"wpforms-field-description\">Veuillez s\u00e9lectionner le but de votre message<\/div><\/div><div id=\"wpforms-238-field_2-container\" class=\"wpforms-field wpforms-field-textarea\" data-field-id=\"2\"><label class=\"wpforms-field-label\" for=\"wpforms-238-field_2\">Votre Message <span class=\"wpforms-required-label\">*<\/span><\/label><textarea id=\"wpforms-238-field_2\" class=\"wpforms-field-medium wpforms-field-required\" name=\"wpforms[fields][2]\" required><\/textarea><\/div><script>\n\t\t\t\t( function() {\n\t\t\t\t\tconst style = document.createElement( 'style' );\n\t\t\t\t\tstyle.appendChild( document.createTextNode( '#wpforms-238-field_4-container { position: absolute !important; overflow: hidden !important; display: inline !important; height: 1px !important; width: 1px !important; z-index: -1000 !important; padding: 0 !important; } #wpforms-238-field_4-container input { visibility: hidden; } #wpforms-conversational-form-page #wpforms-238-field_4-container label { counter-increment: none; }' ) );\n\t\t\t\t\tdocument.head.appendChild( style );\n\t\t\t\t\tdocument.currentScript?.remove();\n\t\t\t\t} )();\n\t\t\t<\/script><\/div><!-- .wpforms-field-container --><div class=\"wpforms-submit-container\" ><input type=\"hidden\" name=\"wpforms[id]\" value=\"238\"><input type=\"hidden\" name=\"page_title\" value=\"\"><input type=\"hidden\" name=\"page_url\" value=\"https:\/\/egliseorthodoxepicardie.fr\/index.php?rest_route=\/wp\/v2\/pages\/239\"><input type=\"hidden\" name=\"url_referer\" value=\"\"><button type=\"submit\" name=\"wpforms[submit]\" id=\"wpforms-submit-238\" class=\"wpforms-submit\" data-alt-text=\"Patienter\" data-submit-text=\"Envoyer\" aria-live=\"assertive\" value=\"wpforms-submit\">Envoyer<\/button><img decoding=\"async\" src=\"https:\/\/egliseorthodoxepicardie.fr\/wp-content\/plugins\/wpforms-lite\/assets\/images\/submit-spin.svg\" class=\"wpforms-submit-spinner\" style=\"display: none;\" width=\"26\" height=\"26\" alt=\"Chargement en cours\"><\/div><\/form><\/div>  <!-- .wpforms-container --><\/p>\n<p><!-- \/wp:paragraph --><\/p>\t\t\t\t\t\t\t\t<\/div>\n\t\t\t\t<div class=\"elementor-element elementor-element-b5f719b elementor-widget elementor-widget-google_maps\" data-id=\"b5f719b\" data-element_type=\"widget\" data-e-type=\"widget\" data-widget_type=\"google_maps.default\">\n\t\t\t\t\t\t\t<div class=\"elementor-custom-embed\">\n\t\t\t<iframe loading=\"lazy\"\n\t\t\t\t\tsrc=\"https:\/\/maps.google.com\/maps?q=15%2C%20rue%20du%20Moncet%2002600%20Puiseux-en-Retz&#038;t=m&#038;z=10&#038;output=embed&#038;iwloc=near\"\n\t\t\t\t\ttitle=\"15, rue du Moncet 02600 Puiseux-en-Retz\"\n\t\t\t\t\taria-label=\"15, rue du Moncet 02600 Puiseux-en-Retz\"\n\t\t\t><\/iframe>\n\t\t<\/div>\n\t\t\t\t\t\t<\/div>\n\t\t\t\t\t<\/div>\n\t\t<\/div>\n\t\t\t\t\t<\/div>\n\t\t<\/section>\n\t\t\t\t<section class=\"elementor-section elementor-top-section elementor-element elementor-element-ad81f26 elementor-section-boxed elementor-section-height-default elementor-section-height-default\" data-id=\"ad81f26\" data-element_type=\"section\" data-e-type=\"section\">\n\t\t\t\t\t\t<div class=\"elementor-container elementor-column-gap-default\">\n\t\t\t\t\t<div class=\"elementor-column elementor-col-100 elementor-top-column elementor-element elementor-element-2374f4f\" data-id=\"2374f4f\" data-element_type=\"column\" data-e-type=\"column\">\n\t\t\t<div class=\"elementor-widget-wrap elementor-element-populated\">\n\t\t\t\t\t\t<div class=\"elementor-element elementor-element-b428287 elementor-shape-rounded elementor-grid-0 e-grid-align-center elementor-widget elementor-widget-social-icons\" data-id=\"b428287\" data-element_type=\"widget\" data-e-type=\"widget\" data-widget_type=\"social-icons.default\">\n\t\t\t\t\t\t\t<div class=\"elementor-social-icons-wrapper elementor-grid\" role=\"list\">\n\t\t\t\t\t\t\t<span class=\"elementor-grid-item\" role=\"listitem\">\n\t\t\t\t\t<a class=\"elementor-icon elementor-social-icon elementor-social-icon-facebook elementor-repeater-item-0bafeb3\" href=\"https:\/\/www.facebook.com\/pretre.jacques.58\" target=\"_blank\">\n\t\t\t\t\t\t<span class=\"elementor-screen-only\">Facebook<\/span>\n\t\t\t\t\t\t<svg aria-hidden=\"true\" class=\"e-font-icon-svg e-fab-facebook\" viewBox=\"0 0 512 512\" xmlns=\"http:\/\/www.w3.org\/2000\/svg\"><path d=\"M504 256C504 119 393 8 256 8S8 119 8 256c0 123.78 90.69 226.38 209.25 245V327.69h-63V256h63v-54.64c0-62.15 37-96.48 93.67-96.48 27.14 0 55.52 4.84 55.52 4.84v61h-31.28c-30.8 0-40.41 19.12-40.41 38.73V256h68.78l-11 71.69h-57.78V501C413.31 482.38 504 379.78 504 256z\"><\/path><\/svg>\t\t\t\t\t<\/a>\n\t\t\t\t<\/span>\n\t\t\t\t\t\t\t<span class=\"elementor-grid-item\" role=\"listitem\">\n\t\t\t\t\t<a class=\"elementor-icon elementor-social-icon elementor-social-icon-youtube elementor-repeater-item-f019bd9\" href=\"https:\/\/www.youtube.com\/results?search_query=eglise+catholique+orthodoxe+de+france+patrick+jocquel\" target=\"_blank\">\n\t\t\t\t\t\t<span class=\"elementor-screen-only\">Youtube<\/span>\n\t\t\t\t\t\t<svg aria-hidden=\"true\" class=\"e-font-icon-svg e-fab-youtube\" viewBox=\"0 0 576 512\" xmlns=\"http:\/\/www.w3.org\/2000\/svg\"><path d=\"M549.655 124.083c-6.281-23.65-24.787-42.276-48.284-48.597C458.781 64 288 64 288 64S117.22 64 74.629 75.486c-23.497 6.322-42.003 24.947-48.284 48.597-11.412 42.867-11.412 132.305-11.412 132.305s0 89.438 11.412 132.305c6.281 23.65 24.787 41.5 48.284 47.821C117.22 448 288 448 288 448s170.78 0 213.371-11.486c23.497-6.321 42.003-24.171 48.284-47.821 11.412-42.867 11.412-132.305 11.412-132.305s0-89.438-11.412-132.305zm-317.51 213.508V175.185l142.739 81.205-142.739 81.201z\"><\/path><\/svg>\t\t\t\t\t<\/a>\n\t\t\t\t<\/span>\n\t\t\t\t\t<\/div>\n\t\t\t\t\t\t<\/div>\n\t\t\t\t\t<\/div>\n\t\t<\/div>\n\t\t\t\t\t<\/div>\n\t\t<\/section>\n\t\t\t\t<\/div>\n\t\t","protected":false},"excerpt":{"rendered":"<p>Laissez nous votre message, ainsi que vos coordonn\u00e9es t\u00e9l\u00e9phoniques. Nous serons heureux de vous r\u00e9pondre d\u00e9s que possible. Que Notre Grand Dieu vous b\u00e9nisse Facebook Youtube<\/p>\n","protected":false},"author":1,"featured_media":0,"parent":0,"menu_order":0,"comment_status":"closed","ping_status":"closed","template":"","meta":{"footnotes":""},"class_list":["post-239","page","type-page","status-publish","hentry"],"yoast_head":"<!-- This site is optimized with the Yoast SEO plugin v26.5 - https:\/\/yoast.com\/wordpress\/plugins\/seo\/ -->\n<title>contact - Paroisse Saint-Remi &amp; Sainte - Clotilde<\/title>\n<meta name=\"description\" content=\"Paroisse Saint-Remi &amp; Sainte - Clotilde contact -\" \/>\n<meta name=\"robots\" content=\"index, follow, max-snippet:-1, max-image-preview:large, max-video-preview:-1\" \/>\n<link rel=\"canonical\" href=\"https:\/\/egliseorthodoxepicardie.fr\/?page_id=239\" \/>\n<meta property=\"og:locale\" content=\"fr_FR\" \/>\n<meta property=\"og:type\" content=\"article\" \/>\n<meta property=\"og:title\" content=\"contact - Paroisse Saint-Remi &amp; Sainte - Clotilde\" \/>\n<meta property=\"og:description\" content=\"Paroisse Saint-Remi &amp; Sainte - Clotilde contact -\" \/>\n<meta property=\"og:url\" content=\"https:\/\/egliseorthodoxepicardie.fr\/?page_id=239\" \/>\n<meta property=\"og:site_name\" content=\"Paroisse Saint-Remi &amp; Sainte - Clotilde\" \/>\n<meta property=\"article:modified_time\" content=\"2025-10-20T07:41:03+00:00\" \/>\n<meta property=\"og:image\" content=\"https:\/\/egliseorthodoxepicardie.fr\/wp-content\/uploads\/2022\/02\/anges_offrande-1024x259-1.png\" \/>\n<meta name=\"twitter:card\" content=\"summary_large_image\" \/>\n<meta name=\"twitter:label1\" content=\"Dur\u00e9e de lecture estim\u00e9e\" \/>\n\t<meta name=\"twitter:data1\" content=\"1 minute\" \/>\n<script type=\"application\/ld+json\" class=\"yoast-schema-graph\">{\"@context\":\"https:\/\/schema.org\",\"@graph\":[{\"@type\":\"WebPage\",\"@id\":\"https:\/\/egliseorthodoxepicardie.fr\/?page_id=239\",\"url\":\"https:\/\/egliseorthodoxepicardie.fr\/?page_id=239\",\"name\":\"contact - Paroisse Saint-Remi &amp; Sainte - Clotilde\",\"isPartOf\":{\"@id\":\"https:\/\/egliseorthodoxepicardie.fr\/#website\"},\"primaryImageOfPage\":{\"@id\":\"https:\/\/egliseorthodoxepicardie.fr\/?page_id=239#primaryimage\"},\"image\":{\"@id\":\"https:\/\/egliseorthodoxepicardie.fr\/?page_id=239#primaryimage\"},\"thumbnailUrl\":\"https:\/\/egliseorthodoxepicardie.fr\/wp-content\/uploads\/2022\/02\/anges_offrande-1024x259-1.png\",\"datePublished\":\"2022-02-17T14:47:03+00:00\",\"dateModified\":\"2025-10-20T07:41:03+00:00\",\"description\":\"Paroisse Saint-Remi &amp; Sainte - Clotilde contact -\",\"breadcrumb\":{\"@id\":\"https:\/\/egliseorthodoxepicardie.fr\/?page_id=239#breadcrumb\"},\"inLanguage\":\"fr-FR\",\"potentialAction\":[{\"@type\":\"ReadAction\",\"target\":[\"https:\/\/egliseorthodoxepicardie.fr\/?page_id=239\"]}]},{\"@type\":\"ImageObject\",\"inLanguage\":\"fr-FR\",\"@id\":\"https:\/\/egliseorthodoxepicardie.fr\/?page_id=239#primaryimage\",\"url\":\"https:\/\/i0.wp.com\/egliseorthodoxepicardie.fr\/wp-content\/uploads\/2022\/02\/anges_offrande-1024x259-1.png?fit=1024%2C259&ssl=1\",\"contentUrl\":\"https:\/\/i0.wp.com\/egliseorthodoxepicardie.fr\/wp-content\/uploads\/2022\/02\/anges_offrande-1024x259-1.png?fit=1024%2C259&ssl=1\",\"width\":1024,\"height\":259},{\"@type\":\"BreadcrumbList\",\"@id\":\"https:\/\/egliseorthodoxepicardie.fr\/?page_id=239#breadcrumb\",\"itemListElement\":[{\"@type\":\"ListItem\",\"position\":1,\"name\":\"Accueil\",\"item\":\"https:\/\/egliseorthodoxepicardie.fr\/\"},{\"@type\":\"ListItem\",\"position\":2,\"name\":\"contact\"}]},{\"@type\":\"WebSite\",\"@id\":\"https:\/\/egliseorthodoxepicardie.fr\/#website\",\"url\":\"https:\/\/egliseorthodoxepicardie.fr\/\",\"name\":\"Paroisse Saint-Remi & Sainte-Clotilde-en-Retz\",\"description\":\"Une paroisse Catholique Orthodoxe en Picardie\",\"publisher\":{\"@id\":\"https:\/\/egliseorthodoxepicardie.fr\/#organization\"},\"potentialAction\":[{\"@type\":\"SearchAction\",\"target\":{\"@type\":\"EntryPoint\",\"urlTemplate\":\"https:\/\/egliseorthodoxepicardie.fr\/?s={search_term_string}\"},\"query-input\":{\"@type\":\"PropertyValueSpecification\",\"valueRequired\":true,\"valueName\":\"search_term_string\"}}],\"inLanguage\":\"fr-FR\"},{\"@type\":\"Organization\",\"@id\":\"https:\/\/egliseorthodoxepicardie.fr\/#organization\",\"name\":\"Paroisse Saint-Remi & Sainte-Clotilde-en-Retz\",\"url\":\"https:\/\/egliseorthodoxepicardie.fr\/\",\"logo\":{\"@type\":\"ImageObject\",\"inLanguage\":\"fr-FR\",\"@id\":\"https:\/\/egliseorthodoxepicardie.fr\/#\/schema\/logo\/image\/\",\"url\":\"https:\/\/i0.wp.com\/egliseorthodoxepicardie.fr\/wp-content\/uploads\/2025\/09\/logo_v2.webp?fit=2130%2C768&ssl=1\",\"contentUrl\":\"https:\/\/i0.wp.com\/egliseorthodoxepicardie.fr\/wp-content\/uploads\/2025\/09\/logo_v2.webp?fit=2130%2C768&ssl=1\",\"width\":2130,\"height\":768,\"caption\":\"Paroisse Saint-Remi & Sainte-Clotilde-en-Retz\"},\"image\":{\"@id\":\"https:\/\/egliseorthodoxepicardie.fr\/#\/schema\/logo\/image\/\"}}]}<\/script>\n<!-- \/ Yoast SEO plugin. -->","yoast_head_json":{"title":"contact - Paroisse Saint-Remi &amp; Sainte - Clotilde","description":"Paroisse Saint-Remi &amp; Sainte - Clotilde contact -","robots":{"index":"index","follow":"follow","max-snippet":"max-snippet:-1","max-image-preview":"max-image-preview:large","max-video-preview":"max-video-preview:-1"},"canonical":"https:\/\/egliseorthodoxepicardie.fr\/?page_id=239","og_locale":"fr_FR","og_type":"article","og_title":"contact - Paroisse Saint-Remi &amp; Sainte - Clotilde","og_description":"Paroisse Saint-Remi &amp; Sainte - Clotilde contact -","og_url":"https:\/\/egliseorthodoxepicardie.fr\/?page_id=239","og_site_name":"Paroisse Saint-Remi &amp; Sainte - Clotilde","article_modified_time":"2025-10-20T07:41:03+00:00","og_image":[{"url":"https:\/\/egliseorthodoxepicardie.fr\/wp-content\/uploads\/2022\/02\/anges_offrande-1024x259-1.png","type":"","width":"","height":""}],"twitter_card":"summary_large_image","twitter_misc":{"Dur\u00e9e de lecture estim\u00e9e":"1 minute"},"schema":{"@context":"https:\/\/schema.org","@graph":[{"@type":"WebPage","@id":"https:\/\/egliseorthodoxepicardie.fr\/?page_id=239","url":"https:\/\/egliseorthodoxepicardie.fr\/?page_id=239","name":"contact - Paroisse Saint-Remi &amp; Sainte - Clotilde","isPartOf":{"@id":"https:\/\/egliseorthodoxepicardie.fr\/#website"},"primaryImageOfPage":{"@id":"https:\/\/egliseorthodoxepicardie.fr\/?page_id=239#primaryimage"},"image":{"@id":"https:\/\/egliseorthodoxepicardie.fr\/?page_id=239#primaryimage"},"thumbnailUrl":"https:\/\/egliseorthodoxepicardie.fr\/wp-content\/uploads\/2022\/02\/anges_offrande-1024x259-1.png","datePublished":"2022-02-17T14:47:03+00:00","dateModified":"2025-10-20T07:41:03+00:00","description":"Paroisse Saint-Remi &amp; Sainte - Clotilde contact -","breadcrumb":{"@id":"https:\/\/egliseorthodoxepicardie.fr\/?page_id=239#breadcrumb"},"inLanguage":"fr-FR","potentialAction":[{"@type":"ReadAction","target":["https:\/\/egliseorthodoxepicardie.fr\/?page_id=239"]}]},{"@type":"ImageObject","inLanguage":"fr-FR","@id":"https:\/\/egliseorthodoxepicardie.fr\/?page_id=239#primaryimage","url":"https:\/\/i0.wp.com\/egliseorthodoxepicardie.fr\/wp-content\/uploads\/2022\/02\/anges_offrande-1024x259-1.png?fit=1024%2C259&ssl=1","contentUrl":"https:\/\/i0.wp.com\/egliseorthodoxepicardie.fr\/wp-content\/uploads\/2022\/02\/anges_offrande-1024x259-1.png?fit=1024%2C259&ssl=1","width":1024,"height":259},{"@type":"BreadcrumbList","@id":"https:\/\/egliseorthodoxepicardie.fr\/?page_id=239#breadcrumb","itemListElement":[{"@type":"ListItem","position":1,"name":"Accueil","item":"https:\/\/egliseorthodoxepicardie.fr\/"},{"@type":"ListItem","position":2,"name":"contact"}]},{"@type":"WebSite","@id":"https:\/\/egliseorthodoxepicardie.fr\/#website","url":"https:\/\/egliseorthodoxepicardie.fr\/","name":"Paroisse Saint-Remi & Sainte-Clotilde-en-Retz","description":"Une paroisse Catholique Orthodoxe en Picardie","publisher":{"@id":"https:\/\/egliseorthodoxepicardie.fr\/#organization"},"potentialAction":[{"@type":"SearchAction","target":{"@type":"EntryPoint","urlTemplate":"https:\/\/egliseorthodoxepicardie.fr\/?s={search_term_string}"},"query-input":{"@type":"PropertyValueSpecification","valueRequired":true,"valueName":"search_term_string"}}],"inLanguage":"fr-FR"},{"@type":"Organization","@id":"https:\/\/egliseorthodoxepicardie.fr\/#organization","name":"Paroisse Saint-Remi & Sainte-Clotilde-en-Retz","url":"https:\/\/egliseorthodoxepicardie.fr\/","logo":{"@type":"ImageObject","inLanguage":"fr-FR","@id":"https:\/\/egliseorthodoxepicardie.fr\/#\/schema\/logo\/image\/","url":"https:\/\/i0.wp.com\/egliseorthodoxepicardie.fr\/wp-content\/uploads\/2025\/09\/logo_v2.webp?fit=2130%2C768&ssl=1","contentUrl":"https:\/\/i0.wp.com\/egliseorthodoxepicardie.fr\/wp-content\/uploads\/2025\/09\/logo_v2.webp?fit=2130%2C768&ssl=1","width":2130,"height":768,"caption":"Paroisse Saint-Remi & Sainte-Clotilde-en-Retz"},"image":{"@id":"https:\/\/egliseorthodoxepicardie.fr\/#\/schema\/logo\/image\/"}}]}},"jetpack_sharing_enabled":true,"_links":{"self":[{"href":"https:\/\/egliseorthodoxepicardie.fr\/index.php?rest_route=\/wp\/v2\/pages\/239","targetHints":{"allow":["GET"]}}],"collection":[{"href":"https:\/\/egliseorthodoxepicardie.fr\/index.php?rest_route=\/wp\/v2\/pages"}],"about":[{"href":"https:\/\/egliseorthodoxepicardie.fr\/index.php?rest_route=\/wp\/v2\/types\/page"}],"author":[{"embeddable":true,"href":"https:\/\/egliseorthodoxepicardie.fr\/index.php?rest_route=\/wp\/v2\/users\/1"}],"replies":[{"embeddable":true,"href":"https:\/\/egliseorthodoxepicardie.fr\/index.php?rest_route=%2Fwp%2Fv2%2Fcomments&post=239"}],"version-history":[{"count":29,"href":"https:\/\/egliseorthodoxepicardie.fr\/index.php?rest_route=\/wp\/v2\/pages\/239\/revisions"}],"predecessor-version":[{"id":820,"href":"https:\/\/egliseorthodoxepicardie.fr\/index.php?rest_route=\/wp\/v2\/pages\/239\/revisions\/820"}],"wp:attachment":[{"href":"https:\/\/egliseorthodoxepicardie.fr\/index.php?rest_route=%2Fwp%2Fv2%2Fmedia&parent=239"}],"curies":[{"name":"wp","href":"https:\/\/api.w.org\/{rel}","templated":true}]}}