{"id":111,"date":"2022-02-15T10:29:45","date_gmt":"2022-02-15T09:29:45","guid":{"rendered":"http:\/\/egliseorthodoxepicardie.fr\/?page_id=111"},"modified":"2026-01-18T18:01:39","modified_gmt":"2026-01-18T17:01:39","slug":"histoire","status":"publish","type":"page","link":"https:\/\/egliseorthodoxepicardie.fr\/?page_id=111","title":{"rendered":"les sites de nos amis"},"content":{"rendered":"\t\t<div data-elementor-type=\"wp-page\" data-elementor-id=\"111\" class=\"elementor elementor-111\">\n\t\t\t\t\t\t<section class=\"elementor-section elementor-top-section elementor-element elementor-element-9a31493 elementor-section-boxed elementor-section-height-default elementor-section-height-default\" data-id=\"9a31493\" data-element_type=\"section\" data-e-type=\"section\">\n\t\t\t\t\t\t<div class=\"elementor-container elementor-column-gap-default\">\n\t\t\t\t\t<div class=\"elementor-column elementor-col-100 elementor-top-column elementor-element elementor-element-49537e41\" data-id=\"49537e41\" data-element_type=\"column\" data-e-type=\"column\">\n\t\t\t<div class=\"elementor-widget-wrap elementor-element-populated\">\n\t\t\t\t\t\t<div class=\"elementor-element elementor-element-7f9dbda3 elementor-widget elementor-widget-text-editor\" data-id=\"7f9dbda3\" data-element_type=\"widget\" data-e-type=\"widget\" data-widget_type=\"text-editor.default\">\n\t\t\t\t\t\t\t\t\t<p>Nous vous conseillons de visiter le site de<a href=\"http:\/\/www.centre-bethanie.org\/\" data-type=\"URL\" data-id=\"http:\/\/www.eglise-orthodoxe.eu\/orthodoxe_gaules_1.htm\"> <strong>B\u00e9thanie<\/strong><\/a><\/p>\n<p>Le prieur\u00e9 propose retraites et cessions tout au long de l&rsquo;ann\u00e9e<\/p>\n<p>\u00a0<\/p>\n<p><!-- \/wp:paragraph --><!-- wp:paragraph --><\/p>\n<p><!-- \/wp:paragraph --><\/p>\t\t\t\t\t\t\t\t<\/div>\n\t\t\t\t<div class=\"elementor-element elementor-element-fce074f elementor-widget elementor-widget-image\" data-id=\"fce074f\" data-element_type=\"widget\" data-e-type=\"widget\" data-widget_type=\"image.default\">\n\t\t\t\t\t\t\t\t\t\t\t\t\t\t\t<img decoding=\"async\" width=\"200\" height=\"153\" src=\"https:\/\/i0.wp.com\/egliseorthodoxepicardie.fr\/wp-content\/uploads\/2022\/02\/bethanie_m.jpg?fit=200%2C153&amp;ssl=1\" class=\"attachment-large size-large wp-image-409\" alt=\"\" \/>\t\t\t\t\t\t\t\t\t\t\t\t\t\t\t<\/div>\n\t\t\t\t\t<\/div>\n\t\t<\/div>\n\t\t\t\t\t<\/div>\n\t\t<\/section>\n\t\t\t\t<section class=\"elementor-section elementor-top-section elementor-element elementor-element-ff34033 elementor-section-boxed elementor-section-height-default elementor-section-height-default\" data-id=\"ff34033\" data-element_type=\"section\" data-e-type=\"section\">\n\t\t\t\t\t\t<div class=\"elementor-container elementor-column-gap-default\">\n\t\t\t\t\t<div class=\"elementor-column elementor-col-50 elementor-top-column elementor-element elementor-element-9946608\" data-id=\"9946608\" data-element_type=\"column\" data-e-type=\"column\">\n\t\t\t<div class=\"elementor-widget-wrap elementor-element-populated\">\n\t\t\t\t\t\t<div class=\"elementor-element elementor-element-3eacd8b elementor-widget elementor-widget-text-editor\" data-id=\"3eacd8b\" data-element_type=\"widget\" data-e-type=\"widget\" data-widget_type=\"text-editor.default\">\n\t\t\t\t\t\t\t\t\t<p>ainsi que celui de nos amis<a href=\"https:\/\/acielouvert.tv\/\"><strong> d&rsquo;\u00e0 ciel ouvert<\/strong><\/a><\/p>\t\t\t\t\t\t\t\t<\/div>\n\t\t\t\t<div class=\"elementor-element elementor-element-48c1d44 elementor-widget elementor-widget-image\" data-id=\"48c1d44\" data-element_type=\"widget\" data-e-type=\"widget\" data-widget_type=\"image.default\">\n\t\t\t\t\t\t\t\t\t\t\t\t\t\t\t<img decoding=\"async\" width=\"246\" height=\"71\" src=\"https:\/\/i0.wp.com\/egliseorthodoxepicardie.fr\/wp-content\/uploads\/2022\/02\/ACO-TV-Logo-Horizontal-Transparent-512.png?fit=246%2C71&amp;ssl=1\" class=\"attachment-large size-large wp-image-413\" alt=\"\" \/>\t\t\t\t\t\t\t\t\t\t\t\t\t\t\t<\/div>\n\t\t\t\t<div class=\"elementor-element elementor-element-800f6ec elementor-widget elementor-widget-text-editor\" data-id=\"800f6ec\" data-element_type=\"widget\" data-e-type=\"widget\" data-widget_type=\"text-editor.default\">\n\t\t\t\t\t\t\t\t\t<p>\u00a0<\/p>\n<p>Nous aimons aussi particuli\u00e8rement les moines et moniales !<\/p>\n<p>Nous les aimons pour l&rsquo;intensit\u00e9 de leur pr\u00e9sence \u00e0 la pri\u00e8re, pour leur lutte contre les passions mais aussi pour cette libert\u00e9 qui fait d&rsquo;eux des enfants de Dieu.<\/p>\n<p>C&rsquo;est aussi le cas de la communaut\u00e9 de la <a href=\"https:\/\/www.trinitelacroix.com\/\"><strong>Sainte Trinit\u00e9<\/strong><\/a> \u00e0 la Croix-sur-Ourc et de son higoum\u00e8ne le Saint moine b\u00e9n\u00e9dictin <strong>Ephrem Yon.<\/strong><\/p>\n<p>\u00a0<\/p>\t\t\t\t\t\t\t\t<\/div>\n\t\t\t\t<div class=\"elementor-element elementor-element-e0048f9 elementor-widget elementor-widget-image\" data-id=\"e0048f9\" data-element_type=\"widget\" data-e-type=\"widget\" data-widget_type=\"image.default\">\n\t\t\t\t\t\t\t\t\t\t\t\t\t\t\t<img fetchpriority=\"high\" decoding=\"async\" width=\"674\" height=\"508\" src=\"https:\/\/egliseorthodoxepicardie.fr\/wp-content\/uploads\/2025\/12\/final-2_PNG.avif\" class=\"attachment-large size-large wp-image-1665\" alt=\"\" \/>\t\t\t\t\t\t\t\t\t\t\t\t\t\t\t<\/div>\n\t\t\t\t\t<\/div>\n\t\t<\/div>\n\t\t\t\t<div class=\"elementor-column elementor-col-50 elementor-top-column elementor-element elementor-element-0b63158\" data-id=\"0b63158\" data-element_type=\"column\" data-e-type=\"column\">\n\t\t\t<div class=\"elementor-widget-wrap elementor-element-populated\">\n\t\t\t\t\t\t<div class=\"elementor-element elementor-element-08564cf elementor-widget elementor-widget-text-editor\" data-id=\"08564cf\" data-element_type=\"widget\" data-e-type=\"widget\" data-widget_type=\"text-editor.default\">\n\t\t\t\t\t\t\t\t\t<p>Et bien s\u00fbr celui de notre \u00e9glise s\u0153ur du<a href=\"https:\/\/www.eof.fr\/eglise\/eglise-orthodoxe-fran%C3%A7aise\/\"><strong> monast\u00e8re Saint Michel du Var<\/strong><\/a>.<\/p>\t\t\t\t\t\t\t\t<\/div>\n\t\t\t\t<div class=\"elementor-element elementor-element-c3674b8 elementor-widget elementor-widget-image\" data-id=\"c3674b8\" data-element_type=\"widget\" data-e-type=\"widget\" data-widget_type=\"image.default\">\n\t\t\t\t\t\t\t\t\t\t\t\t\t\t\t<img loading=\"lazy\" decoding=\"async\" width=\"500\" height=\"191\" src=\"https:\/\/i0.wp.com\/egliseorthodoxepicardie.fr\/wp-content\/uploads\/2025\/12\/saint-Michel-du-Var.jpg?fit=500%2C191&amp;ssl=1\" class=\"attachment-large size-large wp-image-1501\" alt=\"\" srcset=\"https:\/\/i0.wp.com\/egliseorthodoxepicardie.fr\/wp-content\/uploads\/2025\/12\/saint-Michel-du-Var.jpg?w=500&amp;ssl=1 500w, https:\/\/i0.wp.com\/egliseorthodoxepicardie.fr\/wp-content\/uploads\/2025\/12\/saint-Michel-du-Var.jpg?resize=300%2C115&amp;ssl=1 300w\" sizes=\"(max-width: 500px) 100vw, 500px\" \/>\t\t\t\t\t\t\t\t\t\t\t\t\t\t\t<\/div>\n\t\t\t\t<div class=\"elementor-element elementor-element-c1be016 elementor-widget elementor-widget-text-editor\" data-id=\"c1be016\" data-element_type=\"widget\" data-e-type=\"widget\" data-widget_type=\"text-editor.default\">\n\t\t\t\t\t\t\t\t\t<p>Et la paroisse de nos biens-aim\u00e9s Sophie et p\u00e8re Henry-Marie de <a href=\"https:\/\/www.paroisseorthodoxe-saintemariemadeleine-saintebaume.com\/\"><strong>Sainte Marie-Madeleine du Plan d&rsquo;Aups<\/strong><\/a><\/p>\t\t\t\t\t\t\t\t<\/div>\n\t\t\t\t<div class=\"elementor-element elementor-element-1ebc9b9 elementor-widget elementor-widget-image\" data-id=\"1ebc9b9\" data-element_type=\"widget\" data-e-type=\"widget\" data-widget_type=\"image.default\">\n\t\t\t\t\t\t\t\t\t\t\t\t\t\t\t<img loading=\"lazy\" decoding=\"async\" width=\"1024\" height=\"700\" src=\"https:\/\/egliseorthodoxepicardie.fr\/wp-content\/uploads\/2025\/12\/plan-daups.avif\" class=\"attachment-large size-large wp-image-1512\" alt=\"\" \/>\t\t\t\t\t\t\t\t\t\t\t\t\t\t\t<\/div>\n\t\t\t\t\t<\/div>\n\t\t<\/div>\n\t\t\t\t\t<\/div>\n\t\t<\/section>\n\t\t<div class=\"elementor-element elementor-element-1d3a990 e-flex e-con-boxed e-con e-parent\" data-id=\"1d3a990\" data-element_type=\"container\" data-e-type=\"container\">\n\t\t\t\t\t<div class=\"e-con-inner\">\n\t\t\t\t<div class=\"elementor-element elementor-element-5518e88 elementor-widget elementor-widget-heading\" data-id=\"5518e88\" data-element_type=\"widget\" data-e-type=\"widget\" data-widget_type=\"heading.default\">\n\t\t\t\t\t<h2 class=\"elementor-heading-title elementor-size-default\">Eglise de notre Dame de toute protection de la m\u00e8re de Dieu<\/h2>\t\t\t\t<\/div>\n\t\t\t\t\t<\/div>\n\t\t\t\t<\/div>\n\t\t<div class=\"elementor-element elementor-element-3c51b90 e-flex e-con-boxed e-con e-parent\" data-id=\"3c51b90\" data-element_type=\"container\" data-e-type=\"container\">\n\t\t\t\t\t<div class=\"e-con-inner\">\n\t\t\t\t<div class=\"elementor-element elementor-element-7f1981a elementor-widget elementor-widget-image\" data-id=\"7f1981a\" data-element_type=\"widget\" data-e-type=\"widget\" data-widget_type=\"image.default\">\n\t\t\t\t\t\t\t\t\t\t\t\t\t\t\t<img loading=\"lazy\" decoding=\"async\" width=\"300\" height=\"171\" src=\"https:\/\/i0.wp.com\/egliseorthodoxepicardie.fr\/wp-content\/uploads\/2025\/12\/unnamed.jpg?fit=300%2C171&amp;ssl=1\" class=\"attachment-medium size-medium wp-image-1637\" alt=\"\" srcset=\"https:\/\/i0.wp.com\/egliseorthodoxepicardie.fr\/wp-content\/uploads\/2025\/12\/unnamed.jpg?w=1262&amp;ssl=1 1262w, https:\/\/i0.wp.com\/egliseorthodoxepicardie.fr\/wp-content\/uploads\/2025\/12\/unnamed.jpg?resize=300%2C171&amp;ssl=1 300w, https:\/\/i0.wp.com\/egliseorthodoxepicardie.fr\/wp-content\/uploads\/2025\/12\/unnamed.jpg?resize=1024%2C584&amp;ssl=1 1024w, https:\/\/i0.wp.com\/egliseorthodoxepicardie.fr\/wp-content\/uploads\/2025\/12\/unnamed.jpg?resize=768%2C438&amp;ssl=1 768w\" sizes=\"(max-width: 300px) 100vw, 300px\" \/>\t\t\t\t\t\t\t\t\t\t\t\t\t\t\t<\/div>\n\t\t\t\t<div class=\"elementor-element elementor-element-e9806a3 elementor-widget elementor-widget-text-editor\" data-id=\"e9806a3\" data-element_type=\"widget\" data-e-type=\"widget\" data-widget_type=\"text-editor.default\">\n\t\t\t\t\t\t\t\t\t<p>Pour les Orthodoxes originaires d&rsquo;Europe de l&rsquo;Est et de migration r\u00e9cente, il est souvent important de se greffer \u00e0 une communaut\u00e9 de langue ou de culture.<\/p>\n<p>A la recherche nostalgique d&rsquo;un temps ou d&rsquo;un pays d\u00e9sormais lointain, Il leur est parfois n\u00e9cessaire de se retrouver dans une communaut\u00e9 de diaspora.<\/p>\n<p>Si cela est votre cas, Le p\u00e8re Fran\u00e7ois, Marie-C\u00e9cile et les membres de la paroisse de <a href=\"https:\/\/sites.google.com\/view\/notredamedetouteprotection\/accueil\">la toute protection de la m\u00e8re de Dieu<\/a> de tradition russe \u00e0 Compi\u00e8gne vous tendent les bras et sauront vous accueillir dans l&rsquo;amour fraternel.<\/p>\n<p>\u00a0<\/p>\t\t\t\t\t\t\t\t<\/div>\n\t\t\t\t\t<\/div>\n\t\t\t\t<\/div>\n\t\t\t\t<\/div>\n\t\t","protected":false},"excerpt":{"rendered":"<p>Nous vous conseillons de visiter le site de B\u00e9thanie Le prieur\u00e9 propose retraites et cessions tout au long de l&rsquo;ann\u00e9e \u00a0 ainsi que celui de nos amis d&rsquo;\u00e0 ciel ouvert \u00a0 Nous aimons aussi particuli\u00e8rement les moines et moniales ! Nous les aimons pour l&rsquo;intensit\u00e9 de leur pr\u00e9sence \u00e0 la pri\u00e8re, pour leur lutte contre [&hellip;]<\/p>\n","protected":false},"author":1,"featured_media":0,"parent":0,"menu_order":0,"comment_status":"closed","ping_status":"closed","template":"","meta":{"footnotes":""},"class_list":["post-111","page","type-page","status-publish","hentry"],"yoast_head":"<!-- This site is optimized with the Yoast SEO plugin v26.5 - https:\/\/yoast.com\/wordpress\/plugins\/seo\/ -->\n<title>les sites de nos amis - Paroisse Saint-Remi &amp; Sainte - Clotilde<\/title>\n<meta name=\"description\" content=\"Paroisse Saint-Remi &amp; Sainte - Clotilde les sites de nos amis -\" \/>\n<meta name=\"robots\" content=\"index, follow, max-snippet:-1, max-image-preview:large, max-video-preview:-1\" \/>\n<link rel=\"canonical\" href=\"https:\/\/egliseorthodoxepicardie.fr\/?page_id=111\" \/>\n<meta property=\"og:locale\" content=\"fr_FR\" \/>\n<meta property=\"og:type\" content=\"article\" \/>\n<meta property=\"og:title\" content=\"les sites de nos amis - Paroisse Saint-Remi &amp; Sainte - Clotilde\" \/>\n<meta property=\"og:description\" content=\"Paroisse Saint-Remi &amp; Sainte - Clotilde les sites de nos amis -\" \/>\n<meta property=\"og:url\" content=\"https:\/\/egliseorthodoxepicardie.fr\/?page_id=111\" \/>\n<meta property=\"og:site_name\" content=\"Paroisse Saint-Remi &amp; Sainte - Clotilde\" \/>\n<meta property=\"article:modified_time\" content=\"2026-01-18T17:01:39+00:00\" \/>\n<meta property=\"og:image\" content=\"https:\/\/egliseorthodoxepicardie.fr\/wp-content\/uploads\/2022\/02\/bethanie_m.jpg\" \/>\n<meta name=\"twitter:card\" content=\"summary_large_image\" \/>\n<meta name=\"twitter:label1\" content=\"Dur\u00e9e de lecture estim\u00e9e\" \/>\n\t<meta name=\"twitter:data1\" content=\"2 minutes\" \/>\n<script type=\"application\/ld+json\" class=\"yoast-schema-graph\">{\"@context\":\"https:\/\/schema.org\",\"@graph\":[{\"@type\":\"WebPage\",\"@id\":\"https:\/\/egliseorthodoxepicardie.fr\/?page_id=111\",\"url\":\"https:\/\/egliseorthodoxepicardie.fr\/?page_id=111\",\"name\":\"les sites de nos amis - Paroisse Saint-Remi &amp; Sainte - Clotilde\",\"isPartOf\":{\"@id\":\"https:\/\/egliseorthodoxepicardie.fr\/#website\"},\"primaryImageOfPage\":{\"@id\":\"https:\/\/egliseorthodoxepicardie.fr\/?page_id=111#primaryimage\"},\"image\":{\"@id\":\"https:\/\/egliseorthodoxepicardie.fr\/?page_id=111#primaryimage\"},\"thumbnailUrl\":\"https:\/\/egliseorthodoxepicardie.fr\/wp-content\/uploads\/2022\/02\/bethanie_m.jpg\",\"datePublished\":\"2022-02-15T09:29:45+00:00\",\"dateModified\":\"2026-01-18T17:01:39+00:00\",\"description\":\"Paroisse Saint-Remi &amp; Sainte - Clotilde les sites de nos amis -\",\"breadcrumb\":{\"@id\":\"https:\/\/egliseorthodoxepicardie.fr\/?page_id=111#breadcrumb\"},\"inLanguage\":\"fr-FR\",\"potentialAction\":[{\"@type\":\"ReadAction\",\"target\":[\"https:\/\/egliseorthodoxepicardie.fr\/?page_id=111\"]}]},{\"@type\":\"ImageObject\",\"inLanguage\":\"fr-FR\",\"@id\":\"https:\/\/egliseorthodoxepicardie.fr\/?page_id=111#primaryimage\",\"url\":\"https:\/\/i0.wp.com\/egliseorthodoxepicardie.fr\/wp-content\/uploads\/2022\/02\/bethanie_m.jpg?fit=200%2C153&ssl=1\",\"contentUrl\":\"https:\/\/i0.wp.com\/egliseorthodoxepicardie.fr\/wp-content\/uploads\/2022\/02\/bethanie_m.jpg?fit=200%2C153&ssl=1\",\"width\":200,\"height\":153},{\"@type\":\"BreadcrumbList\",\"@id\":\"https:\/\/egliseorthodoxepicardie.fr\/?page_id=111#breadcrumb\",\"itemListElement\":[{\"@type\":\"ListItem\",\"position\":1,\"name\":\"Accueil\",\"item\":\"https:\/\/egliseorthodoxepicardie.fr\/\"},{\"@type\":\"ListItem\",\"position\":2,\"name\":\"les sites de nos amis\"}]},{\"@type\":\"WebSite\",\"@id\":\"https:\/\/egliseorthodoxepicardie.fr\/#website\",\"url\":\"https:\/\/egliseorthodoxepicardie.fr\/\",\"name\":\"Paroisse Saint-Remi & Sainte-Clotilde-en-Retz\",\"description\":\"Une paroisse Catholique Orthodoxe en Picardie\",\"publisher\":{\"@id\":\"https:\/\/egliseorthodoxepicardie.fr\/#organization\"},\"potentialAction\":[{\"@type\":\"SearchAction\",\"target\":{\"@type\":\"EntryPoint\",\"urlTemplate\":\"https:\/\/egliseorthodoxepicardie.fr\/?s={search_term_string}\"},\"query-input\":{\"@type\":\"PropertyValueSpecification\",\"valueRequired\":true,\"valueName\":\"search_term_string\"}}],\"inLanguage\":\"fr-FR\"},{\"@type\":\"Organization\",\"@id\":\"https:\/\/egliseorthodoxepicardie.fr\/#organization\",\"name\":\"Paroisse Saint-Remi & Sainte-Clotilde-en-Retz\",\"url\":\"https:\/\/egliseorthodoxepicardie.fr\/\",\"logo\":{\"@type\":\"ImageObject\",\"inLanguage\":\"fr-FR\",\"@id\":\"https:\/\/egliseorthodoxepicardie.fr\/#\/schema\/logo\/image\/\",\"url\":\"https:\/\/i0.wp.com\/egliseorthodoxepicardie.fr\/wp-content\/uploads\/2025\/09\/logo_v2.webp?fit=2130%2C768&ssl=1\",\"contentUrl\":\"https:\/\/i0.wp.com\/egliseorthodoxepicardie.fr\/wp-content\/uploads\/2025\/09\/logo_v2.webp?fit=2130%2C768&ssl=1\",\"width\":2130,\"height\":768,\"caption\":\"Paroisse Saint-Remi & Sainte-Clotilde-en-Retz\"},\"image\":{\"@id\":\"https:\/\/egliseorthodoxepicardie.fr\/#\/schema\/logo\/image\/\"}}]}<\/script>\n<!-- \/ Yoast SEO plugin. -->","yoast_head_json":{"title":"les sites de nos amis - Paroisse Saint-Remi &amp; Sainte - Clotilde","description":"Paroisse Saint-Remi &amp; Sainte - Clotilde les sites de nos amis -","robots":{"index":"index","follow":"follow","max-snippet":"max-snippet:-1","max-image-preview":"max-image-preview:large","max-video-preview":"max-video-preview:-1"},"canonical":"https:\/\/egliseorthodoxepicardie.fr\/?page_id=111","og_locale":"fr_FR","og_type":"article","og_title":"les sites de nos amis - Paroisse Saint-Remi &amp; Sainte - Clotilde","og_description":"Paroisse Saint-Remi &amp; Sainte - Clotilde les sites de nos amis -","og_url":"https:\/\/egliseorthodoxepicardie.fr\/?page_id=111","og_site_name":"Paroisse Saint-Remi &amp; Sainte - Clotilde","article_modified_time":"2026-01-18T17:01:39+00:00","og_image":[{"url":"https:\/\/egliseorthodoxepicardie.fr\/wp-content\/uploads\/2022\/02\/bethanie_m.jpg","type":"","width":"","height":""}],"twitter_card":"summary_large_image","twitter_misc":{"Dur\u00e9e de lecture estim\u00e9e":"2 minutes"},"schema":{"@context":"https:\/\/schema.org","@graph":[{"@type":"WebPage","@id":"https:\/\/egliseorthodoxepicardie.fr\/?page_id=111","url":"https:\/\/egliseorthodoxepicardie.fr\/?page_id=111","name":"les sites de nos amis - Paroisse Saint-Remi &amp; Sainte - Clotilde","isPartOf":{"@id":"https:\/\/egliseorthodoxepicardie.fr\/#website"},"primaryImageOfPage":{"@id":"https:\/\/egliseorthodoxepicardie.fr\/?page_id=111#primaryimage"},"image":{"@id":"https:\/\/egliseorthodoxepicardie.fr\/?page_id=111#primaryimage"},"thumbnailUrl":"https:\/\/egliseorthodoxepicardie.fr\/wp-content\/uploads\/2022\/02\/bethanie_m.jpg","datePublished":"2022-02-15T09:29:45+00:00","dateModified":"2026-01-18T17:01:39+00:00","description":"Paroisse Saint-Remi &amp; Sainte - Clotilde les sites de nos amis -","breadcrumb":{"@id":"https:\/\/egliseorthodoxepicardie.fr\/?page_id=111#breadcrumb"},"inLanguage":"fr-FR","potentialAction":[{"@type":"ReadAction","target":["https:\/\/egliseorthodoxepicardie.fr\/?page_id=111"]}]},{"@type":"ImageObject","inLanguage":"fr-FR","@id":"https:\/\/egliseorthodoxepicardie.fr\/?page_id=111#primaryimage","url":"https:\/\/i0.wp.com\/egliseorthodoxepicardie.fr\/wp-content\/uploads\/2022\/02\/bethanie_m.jpg?fit=200%2C153&ssl=1","contentUrl":"https:\/\/i0.wp.com\/egliseorthodoxepicardie.fr\/wp-content\/uploads\/2022\/02\/bethanie_m.jpg?fit=200%2C153&ssl=1","width":200,"height":153},{"@type":"BreadcrumbList","@id":"https:\/\/egliseorthodoxepicardie.fr\/?page_id=111#breadcrumb","itemListElement":[{"@type":"ListItem","position":1,"name":"Accueil","item":"https:\/\/egliseorthodoxepicardie.fr\/"},{"@type":"ListItem","position":2,"name":"les sites de nos amis"}]},{"@type":"WebSite","@id":"https:\/\/egliseorthodoxepicardie.fr\/#website","url":"https:\/\/egliseorthodoxepicardie.fr\/","name":"Paroisse Saint-Remi & Sainte-Clotilde-en-Retz","description":"Une paroisse Catholique Orthodoxe en Picardie","publisher":{"@id":"https:\/\/egliseorthodoxepicardie.fr\/#organization"},"potentialAction":[{"@type":"SearchAction","target":{"@type":"EntryPoint","urlTemplate":"https:\/\/egliseorthodoxepicardie.fr\/?s={search_term_string}"},"query-input":{"@type":"PropertyValueSpecification","valueRequired":true,"valueName":"search_term_string"}}],"inLanguage":"fr-FR"},{"@type":"Organization","@id":"https:\/\/egliseorthodoxepicardie.fr\/#organization","name":"Paroisse Saint-Remi & Sainte-Clotilde-en-Retz","url":"https:\/\/egliseorthodoxepicardie.fr\/","logo":{"@type":"ImageObject","inLanguage":"fr-FR","@id":"https:\/\/egliseorthodoxepicardie.fr\/#\/schema\/logo\/image\/","url":"https:\/\/i0.wp.com\/egliseorthodoxepicardie.fr\/wp-content\/uploads\/2025\/09\/logo_v2.webp?fit=2130%2C768&ssl=1","contentUrl":"https:\/\/i0.wp.com\/egliseorthodoxepicardie.fr\/wp-content\/uploads\/2025\/09\/logo_v2.webp?fit=2130%2C768&ssl=1","width":2130,"height":768,"caption":"Paroisse Saint-Remi & Sainte-Clotilde-en-Retz"},"image":{"@id":"https:\/\/egliseorthodoxepicardie.fr\/#\/schema\/logo\/image\/"}}]}},"jetpack_sharing_enabled":true,"_links":{"self":[{"href":"https:\/\/egliseorthodoxepicardie.fr\/index.php?rest_route=\/wp\/v2\/pages\/111","targetHints":{"allow":["GET"]}}],"collection":[{"href":"https:\/\/egliseorthodoxepicardie.fr\/index.php?rest_route=\/wp\/v2\/pages"}],"about":[{"href":"https:\/\/egliseorthodoxepicardie.fr\/index.php?rest_route=\/wp\/v2\/types\/page"}],"author":[{"embeddable":true,"href":"https:\/\/egliseorthodoxepicardie.fr\/index.php?rest_route=\/wp\/v2\/users\/1"}],"replies":[{"embeddable":true,"href":"https:\/\/egliseorthodoxepicardie.fr\/index.php?rest_route=%2Fwp%2Fv2%2Fcomments&post=111"}],"version-history":[{"count":110,"href":"https:\/\/egliseorthodoxepicardie.fr\/index.php?rest_route=\/wp\/v2\/pages\/111\/revisions"}],"predecessor-version":[{"id":1822,"href":"https:\/\/egliseorthodoxepicardie.fr\/index.php?rest_route=\/wp\/v2\/pages\/111\/revisions\/1822"}],"wp:attachment":[{"href":"https:\/\/egliseorthodoxepicardie.fr\/index.php?rest_route=%2Fwp%2Fv2%2Fmedia&parent=111"}],"curies":[{"name":"wp","href":"https:\/\/api.w.org\/{rel}","templated":true}]}}